{"id":7,"date":"2024-08-02T09:09:33","date_gmt":"2024-08-02T09:09:33","guid":{"rendered":"https:\/\/zaren-quality.com\/?page_id=7"},"modified":"2024-08-02T10:27:10","modified_gmt":"2024-08-02T10:27:10","slug":"startseite","status":"publish","type":"page","link":"http:\/\/zaren-quality.com\/","title":{"rendered":"Startseite"},"content":{"rendered":"\n<div class=\"wp-block-group alignfull has-global-padding is-layout-constrained wp-block-group-is-layout-constrained\" style=\"padding-top:0;padding-right:var(--wp--preset--spacing--50);padding-bottom:var(--wp--preset--spacing--50);padding-left:var(--wp--preset--spacing--50)\">\n<div class=\"wp-block-group has-global-padding is-layout-constrained wp-container-core-group-is-layout-1 wp-block-group-is-layout-constrained\">\n<h1 class=\"wp-block-heading has-text-align-center has-x-large-font-size\"><strong>ZAREN QUALITY<\/strong><br>Wo Qualit\u00e4t Tradition hat.<\/h1>\n\n\n\n<div style=\"height:1.25rem\" aria-hidden=\"true\" class=\"wp-block-spacer\"><\/div>\n\n\n\n<p class=\"has-text-align-center\">Willkommen bei Hoos Food Trade, Ihrem vertrauensw\u00fcrdigen Partner f\u00fcr Fischprodukte h\u00f6chster G\u00fcte.<\/p>\n\n\n\n<div style=\"height:1.25rem\" aria-hidden=\"true\" class=\"wp-block-spacer\"><\/div>\n\n\n\n<div class=\"wp-block-buttons is-content-justification-center is-layout-flex wp-container-core-buttons-is-layout-1 wp-block-buttons-is-layout-flex\">\n<div class=\"wp-block-button\"><a class=\"wp-block-button__link wp-element-button\" href=\"https:\/\/zaren-quality.com\/?page_id=109\">Kontaktieren Sie uns<\/a><\/div>\n<\/div>\n<\/div>\n\n\n\n<div style=\"height:var(--wp--preset--spacing--30)\" aria-hidden=\"true\" class=\"wp-block-spacer\"><\/div>\n\n\n\n<figure class=\"wp-block-image alignwide size-full is-style-rounded\"><img loading=\"lazy\" decoding=\"async\" width=\"720\" height=\"220\" src=\"https:\/\/zaren-quality.com\/wp-content\/uploads\/2024\/08\/wildlachs_ohne.jpg\" alt=\"\" class=\"wp-image-11\" srcset=\"http:\/\/zaren-quality.com\/wp-content\/uploads\/2024\/08\/wildlachs_ohne.jpg 720w, http:\/\/zaren-quality.com\/wp-content\/uploads\/2024\/08\/wildlachs_ohne-300x92.jpg 300w\" sizes=\"(max-width: 720px) 100vw, 720px\" \/><\/figure>\n<\/div>\n\n\n\n<h2 class=\"wp-block-heading has-text-align-center is-style-default has-x-large-font-size\">Was uns auszeichnet<\/h2>\n\n\n\n<p class=\"has-text-align-center\">Kontrollierte Spitzenqualit\u00e4t vom Fang bis zum Kunden. <\/p>\n\n\n\n<div class=\"wp-block-group alignfull has-global-padding is-layout-constrained wp-container-core-group-is-layout-3 wp-block-group-is-layout-constrained\" style=\"margin-top:0;margin-bottom:0;padding-top:var(--wp--preset--spacing--50);padding-right:var(--wp--preset--spacing--50);padding-bottom:var(--wp--preset--spacing--50);padding-left:var(--wp--preset--spacing--50)\">\n<div class=\"wp-block-columns alignwide are-vertically-aligned-center is-layout-flex wp-container-core-columns-is-layout-1 wp-block-columns-is-layout-flex\">\n<div class=\"wp-block-column is-vertically-aligned-center is-layout-flow wp-block-column-is-layout-flow\" style=\"flex-basis:50%\">\n<h2 class=\"wp-block-heading has-large-font-size\">Exzellenz aus der Natur<\/h2>\n\n\n\n<p>Unsere Familie steht seit Generationen f\u00fcr herausragende Qualit\u00e4t, die ihren Ursprung in der unber\u00fchrten Natur hat. Durch sorgf\u00e4ltige Zuchtauswahl und jahrzehntelange Erfahrung garantieren wir Produkte, die nicht nur schmecken, sondern auch nachhaltig und verantwortungsvoll produziert werden. Unsere Kunden, darunter Gro\u00dfh\u00e4ndler, Gastronomen und Privatkunden, sch\u00e4tzen besonders unsere konsequente Ausrichtung auf Exzellenz und Frische.<br><\/p>\n\n\n\n<div class=\"wp-block-buttons is-layout-flex wp-block-buttons-is-layout-flex\">\n<div class=\"wp-block-button\"><a class=\"wp-block-button__link wp-element-button\" href=\"https:\/\/zaren-quality.com\/?page_id=90\">\u00dcber uns<\/a><\/div>\n<\/div>\n<\/div>\n\n\n\n<div class=\"wp-block-column is-vertically-aligned-center is-layout-flow wp-block-column-is-layout-flow\" style=\"flex-basis:50%\">\n<figure class=\"wp-block-image size-full is-style-rounded\"><img loading=\"lazy\" decoding=\"async\" width=\"2000\" height=\"1333\" src=\"http:\/\/zaren-quality.com\/wp-content\/uploads\/2024\/08\/37e55c30-3fb9-446e-b470-ea79581225bd.jpg\" alt=\"\" class=\"wp-image-13\" srcset=\"http:\/\/zaren-quality.com\/wp-content\/uploads\/2024\/08\/37e55c30-3fb9-446e-b470-ea79581225bd.jpg 2000w, http:\/\/zaren-quality.com\/wp-content\/uploads\/2024\/08\/37e55c30-3fb9-446e-b470-ea79581225bd-300x200.jpg 300w, http:\/\/zaren-quality.com\/wp-content\/uploads\/2024\/08\/37e55c30-3fb9-446e-b470-ea79581225bd-1024x682.jpg 1024w, http:\/\/zaren-quality.com\/wp-content\/uploads\/2024\/08\/37e55c30-3fb9-446e-b470-ea79581225bd-768x512.jpg 768w, http:\/\/zaren-quality.com\/wp-content\/uploads\/2024\/08\/37e55c30-3fb9-446e-b470-ea79581225bd-1536x1024.jpg 1536w\" sizes=\"(max-width: 2000px) 100vw, 2000px\" \/><\/figure>\n<\/div>\n<\/div>\n<\/div>\n\n\n\n<div class=\"wp-block-group alignfull has-global-padding is-layout-constrained wp-block-group-is-layout-constrained\" style=\"margin-top:0;margin-bottom:0;padding-top:var(--wp--preset--spacing--10);padding-right:var(--wp--preset--spacing--50);padding-bottom:var(--wp--preset--spacing--50);padding-left:var(--wp--preset--spacing--50)\">\n<div class=\"wp-block-group is-vertical is-content-justification-center is-layout-flex wp-container-core-group-is-layout-4 wp-block-group-is-layout-flex\">\n<h2 class=\"wp-block-heading has-text-align-center has-x-large-font-size\">Unser Sortiment<\/h2>\n\n\n\n<p class=\"has-text-align-center\">Unser vielf\u00e4ltiges Portfolio umfasst sowohl Salz- als auch S\u00fc\u00dfwasserfische, die h\u00f6chsten Qualit\u00e4tsstandards entsprechen.<\/p>\n\n\n\n<div class=\"wp-block-buttons is-layout-flex wp-block-buttons-is-layout-flex\">\n<div class=\"wp-block-button\"><a class=\"wp-block-button__link wp-element-button\" href=\"https:\/\/zaren-quality.com\/?page_id=58\">Zum Sortiment<\/a><\/div>\n<\/div>\n<\/div>\n\n\n\n<div style=\"height:var(--wp--preset--spacing--30)\" aria-hidden=\"true\" class=\"wp-block-spacer\"><\/div>\n\n\n\n<div class=\"wp-block-columns alignwide is-layout-flex wp-container-core-columns-is-layout-2 wp-block-columns-is-layout-flex\" style=\"padding-right:0;padding-left:0\">\n<div class=\"wp-block-column is-layout-flow wp-block-column-is-layout-flow\">\n<figure class=\"wp-block-image size-full is-style-rounded\"><img loading=\"lazy\" decoding=\"async\" width=\"720\" height=\"220\" src=\"http:\/\/zaren-quality.com\/wp-content\/uploads\/2024\/08\/zander_deko.jpg\" alt=\"\" class=\"wp-image-66\" style=\"aspect-ratio:1;object-fit:cover\" srcset=\"http:\/\/zaren-quality.com\/wp-content\/uploads\/2024\/08\/zander_deko.jpg 720w, http:\/\/zaren-quality.com\/wp-content\/uploads\/2024\/08\/zander_deko-300x92.jpg 300w\" sizes=\"(max-width: 720px) 100vw, 720px\" \/><\/figure>\n\n\n\n<div class=\"wp-block-group is-vertical is-content-justification-center is-nowrap is-layout-flex wp-container-core-group-is-layout-5 wp-block-group-is-layout-flex\">\n<p class=\"has-text-align-center has-small-font-size\"><strong>Zander<\/strong><\/p>\n\n\n\n<p class=\"has-text-align-center has-small-font-size\">Zander ist ein delikater, festfleischiger Fisch mit mildem Geschmack und einer feinen, leicht s\u00fc\u00dflichen Note, perfekt f\u00fcr elegante Gourmetgerichte und gesunde Mahlzeiten.<\/p>\n<\/div>\n<\/div>\n\n\n\n<div class=\"wp-block-column is-layout-flow wp-block-column-is-layout-flow\">\n<figure class=\"wp-block-image size-full is-style-rounded\"><img loading=\"lazy\" decoding=\"async\" width=\"720\" height=\"220\" src=\"http:\/\/zaren-quality.com\/wp-content\/uploads\/2024\/08\/rotbarsch_deko-2.jpg\" alt=\"\" class=\"wp-image-61\" style=\"aspect-ratio:1;object-fit:cover\" srcset=\"http:\/\/zaren-quality.com\/wp-content\/uploads\/2024\/08\/rotbarsch_deko-2.jpg 720w, http:\/\/zaren-quality.com\/wp-content\/uploads\/2024\/08\/rotbarsch_deko-2-300x92.jpg 300w\" sizes=\"(max-width: 720px) 100vw, 720px\" \/><\/figure>\n\n\n\n<div class=\"wp-block-group is-vertical is-content-justification-center is-nowrap is-layout-flex wp-container-core-group-is-layout-6 wp-block-group-is-layout-flex\">\n<p class=\"has-text-align-center has-small-font-size\"><strong>Rotbarsch<\/strong><\/p>\n\n\n\n<p class=\"has-text-align-center has-small-font-size\">Rotbarsch ist ein k\u00f6stlicher Fisch mit zartem, saftigem Fleisch und einem milden, s\u00fc\u00dflich-nussigen Geschmack, ideal f\u00fcr raffinierte Gerichte und eine gesunde Ern\u00e4hrung.<\/p>\n<\/div>\n<\/div>\n\n\n\n<div class=\"wp-block-column is-layout-flow wp-block-column-is-layout-flow\">\n<figure class=\"wp-block-image size-full is-style-rounded\"><img loading=\"lazy\" decoding=\"async\" width=\"706\" height=\"415\" src=\"http:\/\/zaren-quality.com\/wp-content\/uploads\/2024\/08\/Tilapia.jpg\" alt=\"\" class=\"wp-image-87\" style=\"aspect-ratio:1;object-fit:cover\" srcset=\"http:\/\/zaren-quality.com\/wp-content\/uploads\/2024\/08\/Tilapia.jpg 706w, http:\/\/zaren-quality.com\/wp-content\/uploads\/2024\/08\/Tilapia-300x176.jpg 300w\" sizes=\"(max-width: 706px) 100vw, 706px\" \/><\/figure>\n\n\n\n<div class=\"wp-block-group is-vertical is-content-justification-center is-nowrap is-layout-flex wp-container-core-group-is-layout-7 wp-block-group-is-layout-flex\">\n<p class=\"has-text-align-center has-small-font-size\"><strong>Tilapia<\/strong><\/p>\n\n\n\n<p class=\"has-text-align-center has-small-font-size\">Mit festem Fleisch und \u00fcberragendem Geschmack verzaubert dieser S\u00fc\u00dfwasserfisch anspruchsvollste Genie\u00dfer.<\/p>\n<\/div>\n<\/div>\n\n\n\n<div class=\"wp-block-column is-layout-flow wp-block-column-is-layout-flow\">\n<figure class=\"wp-block-image size-full is-style-rounded\"><img loading=\"lazy\" decoding=\"async\" width=\"360\" height=\"221\" src=\"http:\/\/zaren-quality.com\/wp-content\/uploads\/2024\/08\/CPD-Cocktail2-1.jpg\" alt=\"\" class=\"wp-image-130\" style=\"aspect-ratio:1;object-fit:cover\" srcset=\"http:\/\/zaren-quality.com\/wp-content\/uploads\/2024\/08\/CPD-Cocktail2-1.jpg 360w, http:\/\/zaren-quality.com\/wp-content\/uploads\/2024\/08\/CPD-Cocktail2-1-300x184.jpg 300w\" sizes=\"(max-width: 360px) 100vw, 360px\" \/><\/figure>\n\n\n\n<div class=\"wp-block-group is-vertical is-content-justification-center is-nowrap is-layout-flex wp-container-core-group-is-layout-8 wp-block-group-is-layout-flex\">\n<p class=\"has-text-align-center has-small-font-size\"><strong>Garnelen<\/strong><\/p>\n\n\n\n<p class=\"has-text-align-center has-small-font-size\">Garnelen sind exquisite Meeresfr\u00fcchte mit zartem, saftigem Fleisch und einem s\u00fc\u00dflich-nussigen Aroma, perfekt f\u00fcr elegante Vorspeisen und vielf\u00e4ltige, gesunde Hauptgerichte.<\/p>\n<\/div>\n<\/div>\n<\/div>\n<\/div>\n\n\n\n<h2 class=\"wp-block-heading has-text-align-center has-xx-large-font-size\">Kontakt<\/h2>\n\n\n\n<div class=\"wp-block-columns is-layout-flex wp-container-core-columns-is-layout-3 wp-block-columns-is-layout-flex\">\n<div class=\"wp-block-column is-layout-flow wp-block-column-is-layout-flow\">\n<p><strong>Hoos Food Trade GmbH<\/strong><br><br>Danndorf 19<br>4312 Ried in der Riedmark<br>Austria<br><br>Tel: +43 7238-5484<br>E-Mail: hoos@zaren-quality.com<\/p>\n<\/div>\n\n\n\n<div class=\"wp-block-column is-layout-flow wp-block-column-is-layout-flow\">\n<div class=\"wp-block-contact-form-7-contact-form-selector\">\n<div class=\"wpcf7 no-js\" id=\"wpcf7-f92-o1\" lang=\"de-DE\" dir=\"ltr\">\n<div class=\"screen-reader-response\"><p role=\"status\" aria-live=\"polite\" aria-atomic=\"true\"><\/p> <ul><\/ul><\/div>\n<form action=\"\/index.php?rest_route=%2Fwp%2Fv2%2Fpages%2F7#wpcf7-f92-o1\" method=\"post\" class=\"wpcf7-form init\" aria-label=\"Kontaktformular\" novalidate=\"novalidate\" data-status=\"init\">\n<div style=\"display: none;\">\n<input type=\"hidden\" name=\"_wpcf7\" value=\"92\" \/>\n<input type=\"hidden\" name=\"_wpcf7_version\" value=\"5.9.8\" \/>\n<input type=\"hidden\" name=\"_wpcf7_locale\" value=\"de_DE\" \/>\n<input type=\"hidden\" name=\"_wpcf7_unit_tag\" value=\"wpcf7-f92-o1\" \/>\n<input type=\"hidden\" name=\"_wpcf7_container_post\" value=\"0\" \/>\n<input type=\"hidden\" name=\"_wpcf7_posted_data_hash\" value=\"\" \/>\n<\/div>\n<p><label> Name<br \/>\n<span class=\"wpcf7-form-control-wrap\" data-name=\"your-name\"><input size=\"40\" maxlength=\"400\" class=\"wpcf7-form-control wpcf7-text wpcf7-validates-as-required\" autocomplete=\"name\" aria-required=\"true\" aria-invalid=\"false\" value=\"\" type=\"text\" name=\"your-name\" \/><\/span> <\/label>\n<\/p>\n<p><label> E-Mail-Adresse<br \/>\n<span class=\"wpcf7-form-control-wrap\" data-name=\"your-email\"><input size=\"40\" maxlength=\"400\" class=\"wpcf7-form-control wpcf7-email wpcf7-validates-as-required wpcf7-text wpcf7-validates-as-email\" autocomplete=\"email\" aria-required=\"true\" aria-invalid=\"false\" value=\"\" type=\"email\" name=\"your-email\" \/><\/span> <\/label>\n<\/p>\n<p><label> Betreff<br \/>\n<span class=\"wpcf7-form-control-wrap\" data-name=\"your-subject\"><input size=\"40\" maxlength=\"400\" class=\"wpcf7-form-control wpcf7-text wpcf7-validates-as-required\" aria-required=\"true\" aria-invalid=\"false\" value=\"\" type=\"text\" name=\"your-subject\" \/><\/span> <\/label>\n<\/p>\n<p><label> Ihre Nachricht (optional)<br \/>\n<span class=\"wpcf7-form-control-wrap\" data-name=\"your-message\"><textarea cols=\"40\" rows=\"10\" maxlength=\"2000\" class=\"wpcf7-form-control wpcf7-textarea\" aria-invalid=\"false\" name=\"your-message\"><\/textarea><\/span> <\/label>\n<\/p>\n<p><input class=\"wpcf7-form-control wpcf7-submit has-spinner\" type=\"submit\" value=\"Senden\" \/>\n<\/p><div class=\"wpcf7-response-output\" aria-hidden=\"true\"><\/div>\n<\/form>\n<\/div>\n<\/div>\n<\/div>\n<\/div>\n","protected":false},"excerpt":{"rendered":"<p>ZAREN QUALITYWo Qualit\u00e4t Tradition hat. Willkommen bei Hoos Food Trade, Ihrem vertrauensw\u00fcrdigen Partner f\u00fcr Fischprodukte h\u00f6chster G\u00fcte. Was uns auszeichnet Kontrollierte Spitzenqualit\u00e4t vom Fang bis zum Kunden. Exzellenz aus der Natur Unsere Familie steht seit Generationen f\u00fcr herausragende Qualit\u00e4t, die ihren Ursprung in der unber\u00fchrten Natur hat. Durch sorgf\u00e4ltige Zuchtauswahl und jahrzehntelange Erfahrung garantieren wir [&hellip;]<\/p>\n","protected":false},"author":1,"featured_media":0,"parent":0,"menu_order":0,"comment_status":"closed","ping_status":"closed","template":"","meta":{"footnotes":""},"_links":{"self":[{"href":"http:\/\/zaren-quality.com\/index.php?rest_route=\/wp\/v2\/pages\/7"}],"collection":[{"href":"http:\/\/zaren-quality.com\/index.php?rest_route=\/wp\/v2\/pages"}],"about":[{"href":"http:\/\/zaren-quality.com\/index.php?rest_route=\/wp\/v2\/types\/page"}],"author":[{"embeddable":true,"href":"http:\/\/zaren-quality.com\/index.php?rest_route=\/wp\/v2\/users\/1"}],"replies":[{"embeddable":true,"href":"http:\/\/zaren-quality.com\/index.php?rest_route=%2Fwp%2Fv2%2Fcomments&post=7"}],"version-history":[{"count":25,"href":"http:\/\/zaren-quality.com\/index.php?rest_route=\/wp\/v2\/pages\/7\/revisions"}],"predecessor-version":[{"id":180,"href":"http:\/\/zaren-quality.com\/index.php?rest_route=\/wp\/v2\/pages\/7\/revisions\/180"}],"wp:attachment":[{"href":"http:\/\/zaren-quality.com\/index.php?rest_route=%2Fwp%2Fv2%2Fmedia&parent=7"}],"curies":[{"name":"wp","href":"https:\/\/api.w.org\/{rel}","templated":true}]}}